{"id":41193,"date":"2018-03-19T10:10:57","date_gmt":"2018-03-19T09:10:57","guid":{"rendered":"http:\/\/www.ttsitalia.it\/?page_id=41193"},"modified":"2018-03-28T09:49:44","modified_gmt":"2018-03-28T07:49:44","slug":"informativa-gdpr","status":"publish","type":"page","link":"https:\/\/www.ttsitalia.it\/en\/informativa-gdpr\/","title":{"rendered":"Informativa GDPR"},"content":{"rendered":"<p><strong>Il GDPR &#8211; General Data Protection Regulation<\/strong> \u00e8 un nuovo regolamento europeo che definisce il modo in cui i dati sono comunicati, gestiti, archiviati e cancellati. Il GDPR entrer\u00e0 in vigore il 25 Maggio 2018 al fine di assicurare ai cittadini europei di poter scegliere chi pu\u00f2 avere accesso ai propri dati e informazioni di contatto. Pertanto, l&#8217;utente non ricever\u00e0 pi\u00f9 alcuna comunicazione da TTS Italia dopo la data di entrata in vigore, a meno che non richieda esplicitamente il contrario.<\/p>\n<p>L&#8217;utente pu\u00f2 decidere, fin da ora, di continuare a ricevere le comunicazioni di TTS Italia, completando\u00a0questo\u00a0veloce form di registrazione.<br \/>\nLa registrazione richiede solo un paio di minuti e una volta completata, permetter\u00e0 di ricevere le nostre notizie sul settore, istituzioni, gli eventi.<br \/>\nPer maggiori informazioni sul GDPR, <a href=\"https:\/\/www.eugdpr.org\/\">clicca qui<\/a>.<\/p>\n<div role=\"form\" class=\"wpcf7\" id=\"wpcf7-f41192-o1\" lang=\"it-IT\" dir=\"ltr\">\n<div class=\"screen-reader-response\"><p role=\"status\" aria-live=\"polite\" aria-atomic=\"true\"><\/p> <ul><\/ul><\/div>\n<form action=\"\/en\/wp-json\/wp\/v2\/pages\/41193#wpcf7-f41192-o1\" method=\"post\" class=\"wpcf7-form init\" novalidate=\"novalidate\" data-status=\"init\">\n<div style=\"display: none;\">\n<input type=\"hidden\" name=\"_wpcf7\" value=\"41192\" \/>\n<input type=\"hidden\" name=\"_wpcf7_version\" value=\"5.5.6.1\" \/>\n<input type=\"hidden\" name=\"_wpcf7_locale\" value=\"it_IT\" \/>\n<input type=\"hidden\" name=\"_wpcf7_unit_tag\" value=\"wpcf7-f41192-o1\" \/>\n<input type=\"hidden\" name=\"_wpcf7_container_post\" value=\"0\" \/>\n<input type=\"hidden\" name=\"_wpcf7_posted_data_hash\" value=\"\" \/>\n<\/div>\n<p>Nome *<br \/>\n    <span class=\"wpcf7-form-control-wrap your-name\"><input type=\"text\" name=\"your-name\" value=\"\" size=\"40\" class=\"wpcf7-form-control wpcf7-text wpcf7-validates-as-required\" aria-required=\"true\" aria-invalid=\"false\" \/><\/span> <\/p>\n<p>Cognome *<br \/>\n    <span class=\"wpcf7-form-control-wrap cognome\"><input type=\"text\" name=\"cognome\" value=\"\" size=\"40\" class=\"wpcf7-form-control wpcf7-text wpcf7-validates-as-required\" aria-required=\"true\" aria-invalid=\"false\" \/><\/span> <\/p>\n<p>Societ\u00e0 *<br \/>\n    <span class=\"wpcf7-form-control-wrap societa\"><input type=\"text\" name=\"societa\" value=\"\" size=\"40\" class=\"wpcf7-form-control wpcf7-text wpcf7-validates-as-required\" aria-required=\"true\" aria-invalid=\"false\" \/><\/span> <\/p>\n<p>E-mail *<br \/>\n    <span class=\"wpcf7-form-control-wrap your-email\"><input type=\"email\" name=\"your-email\" value=\"\" size=\"40\" class=\"wpcf7-form-control wpcf7-text wpcf7-email wpcf7-validates-as-required wpcf7-validates-as-email\" aria-required=\"true\" aria-invalid=\"false\" \/><\/span> <\/p>\n<p><span class=\"wpcf7-form-control-wrap acceptance-411\"><span class=\"wpcf7-form-control wpcf7-acceptance\"><span class=\"wpcf7-list-item\"><input type=\"checkbox\" name=\"acceptance-411\" value=\"1\" aria-invalid=\"false\" \/><\/span><\/span><\/span> Dichiaro di aver preso atto dell' <a href=\"http:\/\/www.ttsitalia.it\/informativa-al-trattamento-dei-dati-personali\/\">informativa resa sul trattamento dei miei dati personali<\/a>.\n<\/p>\n<p><input type=\"submit\" value=\"Invia\" class=\"wpcf7-form-control has-spinner wpcf7-submit\" \/><\/p>\n<p style=\"display: none !important;\" class=\"akismet-fields-container\" data-prefix=\"_wpcf7_ak_\"><label>&#916;<textarea name=\"_wpcf7_ak_hp_textarea\" cols=\"45\" rows=\"8\" maxlength=\"100\"><\/textarea><\/label><input type=\"hidden\" id=\"ak_js_1\" name=\"_wpcf7_ak_js\" value=\"28\"\/><script>document.getElementById( \"ak_js_1\" ).setAttribute( \"value\", ( new Date() ).getTime() );<\/script><\/p><div class=\"wpcf7-response-output\" aria-hidden=\"true\"><\/div><\/form><\/div>\n","protected":false},"excerpt":{"rendered":"<p>Il GDPR &#8211; General Data Protection Regulation \u00e8 un nuovo regolamento europeo che definisce il modo in cui i dati sono comunicati, gestiti, archiviati e cancellati. Il GDPR entrer\u00e0 in vigore il 25 Maggio 2018 al fine di assicurare ai cittadini europei di poter scegliere chi pu\u00f2 avere accesso ai propri dati e informazioni di&hellip; <a class=\"more-link\" href=\"https:\/\/www.ttsitalia.it\/en\/informativa-gdpr\/\">Continue reading <span class=\"screen-reader-text\">Informativa GDPR<\/span><\/a><\/p>\n","protected":false},"author":724,"featured_media":0,"parent":0,"menu_order":0,"comment_status":"closed","ping_status":"closed","template":"","meta":{"_uag_custom_page_level_css":""},"uagb_featured_image_src":{"full":false,"thumbnail":false,"medium":false,"medium_large":false,"large":false,"1536x1536":false,"2048x2048":false,"post-thumbnail":false},"uagb_author_info":{"display_name":"Lorenzo Richiardi","author_link":"https:\/\/www.ttsitalia.it\/en\/author\/numeroquattro\/"},"uagb_comment_info":0,"uagb_excerpt":"Il GDPR &#8211; General Data Protection Regulation \u00e8 un nuovo regolamento europeo che definisce il modo in cui i dati sono comunicati, gestiti, archiviati e cancellati. Il GDPR entrer\u00e0 in vigore il 25 Maggio 2018 al fine di assicurare ai cittadini europei di poter scegliere chi pu\u00f2 avere accesso ai propri dati e informazioni di&hellip;&hellip;","_links":{"self":[{"href":"https:\/\/www.ttsitalia.it\/en\/wp-json\/wp\/v2\/pages\/41193"}],"collection":[{"href":"https:\/\/www.ttsitalia.it\/en\/wp-json\/wp\/v2\/pages"}],"about":[{"href":"https:\/\/www.ttsitalia.it\/en\/wp-json\/wp\/v2\/types\/page"}],"author":[{"embeddable":true,"href":"https:\/\/www.ttsitalia.it\/en\/wp-json\/wp\/v2\/users\/724"}],"replies":[{"embeddable":true,"href":"https:\/\/www.ttsitalia.it\/en\/wp-json\/wp\/v2\/comments?post=41193"}],"version-history":[{"count":3,"href":"https:\/\/www.ttsitalia.it\/en\/wp-json\/wp\/v2\/pages\/41193\/revisions"}],"predecessor-version":[{"id":41343,"href":"https:\/\/www.ttsitalia.it\/en\/wp-json\/wp\/v2\/pages\/41193\/revisions\/41343"}],"wp:attachment":[{"href":"https:\/\/www.ttsitalia.it\/en\/wp-json\/wp\/v2\/media?parent=41193"}],"curies":[{"name":"wp","href":"https:\/\/api.w.org\/{rel}","templated":true}]}}