{"id":5455,"date":"2009-12-10T16:12:12","date_gmt":"2009-12-10T14:12:12","guid":{"rendered":"http:\/\/www.ttsitalia.it\/?page_id=5455"},"modified":"2009-12-17T17:22:51","modified_gmt":"2009-12-17T15:22:51","slug":"milano-il-5-e-6-ottobre-la-quarta-edizione-del-mobilitytech-a-cui-ha-preso-parte-anche-tts-italia","status":"publish","type":"page","link":"https:\/\/www.ttsitalia.it\/en\/milano-il-5-e-6-ottobre-la-quarta-edizione-del-mobilitytech-a-cui-ha-preso-parte-anche-tts-italia\/","title":{"rendered":"TTS Italia partecipa alla quarta edizione del MobilityTech"},"content":{"rendered":"<p>05 ottobre 2009<br \/>\nIl 5 e 6 ottobre 2009 si \u00e8 svolta a Milano, presso il MIC (Milano Convention Centre), la quarta edizione del MobilityTech, un forum internazionale sull\u2019innovazione tecnologica per lo sviluppo della mobilit\u00e0 e del trasporto. L\u2019evento, promosso da Comune di Milano, Expo 2015 in collaborazione con ATM Milano, \u00e8 stato l\u2019occasione per la presentazione ufficiale in Italia da parte del vice presidente della Commissione Europea Antonio Tajani dell\u2019Action Plan sulla mobilit\u00e0 sostenibile. L\u2019Action Plan rappresenta il documento programmatico pi\u00f9 importante della Commissione Europea in quanto presenter\u00e0 le misure che le citt\u00e0 potranno utilizzare per realizzare azioni integrate, sul breve e medio periodo, in favore della mobilit\u00e0 pulita. Oltre a Tajani, presenti, tra gli altri, il Sindaco Letizia Moratti, il Presidente della Regione Roberto Formigoni, l\u2019assessore Edoardo Croci, Mauro Moretti, Amministratore Delegato Ferrovie dello Stato, Federica Guidi, Presidente dei Giovani Imprenditori di Confindustria, Elio Catania, Presidente di ATM Milano, Lucio Stanca, Amministratore delegato di EXPO 2015, Ennio Cascetta, Presidente Commissione Trasporti della Conferenza delle Regioni, Marcello Panettoni, Presidente di ASSTRA, Raffaele Cattaneo assessore alla infrastrutture e mobilit\u00e0 della Regione Lombardia e Enrico Mingardi, assessore alla mobilit\u00e0 del comune di Venezia e tutti i massimi esperti del settore. TTS Italia ha preso parte alla sessione \u201cLa distribuzione urbana delle merci in Europa e in Italia: tendenze emergenti, tecnologie innovative e modelli di partnership tra pubblico e privato\u201d curata da ATAC, socio fondatore di TTS Italia, ClickUtility, organizzatore dell\u2019intero evento, e dalla nostra Associazione. In occasione dell\u2019evento, Antonella Di Fazio, Vice Presidente di TTS Italia e membro del Comitato Tecnico Scientifico, ha presentato il position papere realizzato da TTS Italia sul tema degli ITS per la logistica urbana. Per il position paper, si rimanda alle Pubblicazioni di TTS Italia, alla sezione &#8220;Attivit\u00e0&#8221;.<\/p>\n","protected":false},"excerpt":{"rendered":"<p>05 ottobre 2009 Il 5 e 6 ottobre 2009 si \u00e8 svolta a Milano, presso il MIC (Milano Convention Centre), la quarta edizione del MobilityTech, un forum internazionale sull\u2019innovazione tecnologica per lo sviluppo della mobilit\u00e0 e del trasporto. L\u2019evento, promosso da Comune di Milano, Expo 2015 in collaborazione con ATM Milano, \u00e8 stato l\u2019occasione per&hellip; <a class=\"more-link\" href=\"https:\/\/www.ttsitalia.it\/en\/milano-il-5-e-6-ottobre-la-quarta-edizione-del-mobilitytech-a-cui-ha-preso-parte-anche-tts-italia\/\">Continue reading <span class=\"screen-reader-text\">TTS Italia partecipa alla quarta edizione del MobilityTech<\/span><\/a><\/p>\n","protected":false},"author":4,"featured_media":0,"parent":0,"menu_order":0,"comment_status":"closed","ping_status":"closed","template":"","meta":{"_uag_custom_page_level_css":""},"uagb_featured_image_src":{"full":false,"thumbnail":false,"medium":false,"medium_large":false,"large":false,"1536x1536":false,"2048x2048":false,"post-thumbnail":false},"uagb_author_info":{"display_name":"laura","author_link":"https:\/\/www.ttsitalia.it\/en\/author\/laura\/"},"uagb_comment_info":0,"uagb_excerpt":"05 ottobre 2009 Il 5 e 6 ottobre 2009 si \u00e8 svolta a Milano, presso il MIC (Milano Convention Centre), la quarta edizione del MobilityTech, un forum internazionale sull\u2019innovazione tecnologica per lo sviluppo della mobilit\u00e0 e del trasporto. L\u2019evento, promosso da Comune di Milano, Expo 2015 in collaborazione con ATM Milano, \u00e8 stato l\u2019occasione per&hellip;&hellip;","_links":{"self":[{"href":"https:\/\/www.ttsitalia.it\/en\/wp-json\/wp\/v2\/pages\/5455"}],"collection":[{"href":"https:\/\/www.ttsitalia.it\/en\/wp-json\/wp\/v2\/pages"}],"about":[{"href":"https:\/\/www.ttsitalia.it\/en\/wp-json\/wp\/v2\/types\/page"}],"author":[{"embeddable":true,"href":"https:\/\/www.ttsitalia.it\/en\/wp-json\/wp\/v2\/users\/4"}],"replies":[{"embeddable":true,"href":"https:\/\/www.ttsitalia.it\/en\/wp-json\/wp\/v2\/comments?post=5455"}],"version-history":[{"count":3,"href":"https:\/\/www.ttsitalia.it\/en\/wp-json\/wp\/v2\/pages\/5455\/revisions"}],"predecessor-version":[{"id":5457,"href":"https:\/\/www.ttsitalia.it\/en\/wp-json\/wp\/v2\/pages\/5455\/revisions\/5457"}],"wp:attachment":[{"href":"https:\/\/www.ttsitalia.it\/en\/wp-json\/wp\/v2\/media?parent=5455"}],"curies":[{"name":"wp","href":"https:\/\/api.w.org\/{rel}","templated":true}]}}