{"id":5486,"date":"2009-12-10T18:02:24","date_gmt":"2009-12-10T16:02:24","guid":{"rendered":"http:\/\/www.ttsitalia.it\/?page_id=5486"},"modified":"2009-12-10T18:02:24","modified_gmt":"2009-12-10T16:02:24","slug":"incontro-su-architetture-standard-e-protocolli-per-la-localizzazione-satellitare-per-la-mobilita-urbana","status":"publish","type":"page","link":"https:\/\/www.ttsitalia.it\/en\/incontro-su-architetture-standard-e-protocolli-per-la-localizzazione-satellitare-per-la-mobilita-urbana\/","title":{"rendered":"Incontro su &#8220;Architetture, standard e protocolli per la localizzazione satellitare per la mobilit\u00e0 urbana&#8221;"},"content":{"rendered":"<p>7 Aprile 2009<br \/>\nNella mattinata del 7 aprile 2009, TTS Italia ha ospitato un incontro sul tema &#8220;Architetture, standard e protocolli per la localizzazione satellitare per la mobilit\u00e0 privata&#8221;. Obiettivo dell&#8217;incontro \u00e8 stato di organizzare  un momento di confronto aperto per fare il punto della situazione, individuare le criticit\u00e0 e le opportunit\u00e0 del mercato, e contestualizzare la posizione italiana rispetto al resto dell&#8217;Europa. All&#8217;incontro, a cui hanno preso parte oltre 40 associati, hanno presentato le proprie esperienze i soci 5T, Atac, Autostrade per l&#8217;Italia, Magneti Marelli, Octo Telematics, Targa Infomobility e Telecom Italia.<br \/>\n<br \/>\nPer l&#8217;elenco dei partecipanti, <a href=\"http:\/\/www.ttsitalia.it\/file\/News\/Lista%20partecipanti%20del%207-4-09%20ARCHITETTURE.pdf\">clicca qui<\/a><br \/>\n<br \/>\nper le presentazioni, <a href=\"http:\/\/www.ttsitalia.it\/file\/Eventi\/Eventi TTS\/presentazioni pdf.zip\">clicca qui<\/a><\/p>\n","protected":false},"excerpt":{"rendered":"<p>7 Aprile 2009 Nella mattinata del 7 aprile 2009, TTS Italia ha ospitato un incontro sul tema &#8220;Architetture, standard e protocolli per la localizzazione satellitare per la mobilit\u00e0 privata&#8221;. Obiettivo dell&#8217;incontro \u00e8 stato di organizzare un momento di confronto aperto per fare il punto della situazione, individuare le criticit\u00e0 e le opportunit\u00e0 del mercato, e&hellip; <a class=\"more-link\" href=\"https:\/\/www.ttsitalia.it\/en\/incontro-su-architetture-standard-e-protocolli-per-la-localizzazione-satellitare-per-la-mobilita-urbana\/\">Continue reading <span class=\"screen-reader-text\">Incontro su &#8220;Architetture, standard e protocolli per la localizzazione satellitare per la mobilit\u00e0 urbana&#8221;<\/span><\/a><\/p>\n","protected":false},"author":4,"featured_media":0,"parent":0,"menu_order":0,"comment_status":"closed","ping_status":"closed","template":"","meta":{"_uag_custom_page_level_css":""},"uagb_featured_image_src":{"full":false,"thumbnail":false,"medium":false,"medium_large":false,"large":false,"1536x1536":false,"2048x2048":false,"post-thumbnail":false},"uagb_author_info":{"display_name":"laura","author_link":"https:\/\/www.ttsitalia.it\/en\/author\/laura\/"},"uagb_comment_info":0,"uagb_excerpt":"7 Aprile 2009 Nella mattinata del 7 aprile 2009, TTS Italia ha ospitato un incontro sul tema &#8220;Architetture, standard e protocolli per la localizzazione satellitare per la mobilit\u00e0 privata&#8221;. Obiettivo dell&#8217;incontro \u00e8 stato di organizzare un momento di confronto aperto per fare il punto della situazione, individuare le criticit\u00e0 e le opportunit\u00e0 del mercato, e&hellip;&hellip;","_links":{"self":[{"href":"https:\/\/www.ttsitalia.it\/en\/wp-json\/wp\/v2\/pages\/5486"}],"collection":[{"href":"https:\/\/www.ttsitalia.it\/en\/wp-json\/wp\/v2\/pages"}],"about":[{"href":"https:\/\/www.ttsitalia.it\/en\/wp-json\/wp\/v2\/types\/page"}],"author":[{"embeddable":true,"href":"https:\/\/www.ttsitalia.it\/en\/wp-json\/wp\/v2\/users\/4"}],"replies":[{"embeddable":true,"href":"https:\/\/www.ttsitalia.it\/en\/wp-json\/wp\/v2\/comments?post=5486"}],"version-history":[{"count":2,"href":"https:\/\/www.ttsitalia.it\/en\/wp-json\/wp\/v2\/pages\/5486\/revisions"}],"predecessor-version":[{"id":5488,"href":"https:\/\/www.ttsitalia.it\/en\/wp-json\/wp\/v2\/pages\/5486\/revisions\/5488"}],"wp:attachment":[{"href":"https:\/\/www.ttsitalia.it\/en\/wp-json\/wp\/v2\/media?parent=5486"}],"curies":[{"name":"wp","href":"https:\/\/api.w.org\/{rel}","templated":true}]}}