{"id":56532,"date":"2021-06-14T10:02:41","date_gmt":"2021-06-14T08:02:41","guid":{"rendered":"https:\/\/www.ttsitalia.it\/?page_id=56532"},"modified":"2021-07-19T09:06:28","modified_gmt":"2021-07-19T07:06:28","slug":"giornate-nazionali-del-maas-agenda","status":"publish","type":"page","link":"https:\/\/www.ttsitalia.it\/en\/giornate-nazionali-del-maas-agenda\/","title":{"rendered":"Giornate Nazionali del MaaS &#8211; Agenda"},"content":{"rendered":"<p style=\"text-align: center;\"><strong>13 e 14 Luglio 2021 \u2013 Roma Eventi \u2013 Via Alibert, 5A \u2013 Roma<\/strong><\/p>\n<p style=\"text-align: center;\"><strong>Marted\u00ec 13 Luglio<\/strong><\/p>\n<p style=\"text-align: left;\"><em>Ore 10:00 \u2013 Accredito<\/em><\/p>\n<p>Chairman prima giornata: <strong>Claudio Claroni<\/strong> \u2013 Direttore Club Italia<\/p>\n<p><em>Ore 11:00 \u2013 Saluti<\/em><\/p>\n<p><strong>Rossella Panero<\/strong> \u2013 Presidente TTS Italia<br \/>\n<strong>Piero Sassoli<\/strong> \u2013 Presidente Club Italia<\/p>\n<p>Ore 11:15 \u2013 <em><strong>Linee Guida per lo sviluppo dei servizi MaaS in Italia\u00a0\u2013 <a href=\"https:\/\/www.ttsitalia.it\/wp-content\/uploads\/2021\/07\/Antoniola_5T.pdf\">Matteo Antoniola_5T<\/a>, <\/strong>5T<\/em><\/p>\n<p>Ore 11:45 \u2013 \u00a0<em><strong>Sistemi di pagamento e accesso per i MaaS: linee guida per il trasporto collettivo \u2013 <a href=\"https:\/\/www.ttsitalia.it\/wp-content\/uploads\/2021\/07\/Claroni.pdf\">Claudio Claroni<\/a>,\u00a0<\/strong><\/em>Club-Italia<em><strong>, <\/strong>e<strong> <a href=\"https:\/\/www.ttsitalia.it\/wp-content\/uploads\/2021\/07\/Pelosi.pdf\">Maurizio Pelosi<\/a>,\u00a0<\/strong><\/em>Tiemme<\/p>\n<p>Ore 12.15 \u2013 <em><strong>Best practice nazionali<\/strong><\/em><\/p>\n<p><strong><a href=\"https:\/\/www.ttsitalia.it\/wp-content\/uploads\/2021\/07\/Elia_Regione-Piemonte.pdf\">Ezio Elia<\/a><\/strong>\u2013 Dirigente Settore Pianificazione e Programmazione Trasporti e Infrastrutture, Regione Piemonte<br \/>\n<b><a href=\"https:\/\/www.ttsitalia.it\/wp-content\/uploads\/2021\/07\/Armandi_TPER.pdf\">Mirco Armandi<\/a>\u00a0<\/b>\u2013 Responsabile Sistemi Informativi, Trasporto Passeggeri Emilia-Romagna (TPER)<\/p>\n<p><em>Ore 13.00 \u2013 Light lunch<\/em><\/p>\n<p><em>Ore 15.00 \u2013 <strong>Tavola rotonda: \u201cMobility as a Service: il futuro della mobilit\u00e0 in Italia<\/strong>\u201d<\/em><\/p>\n<p><strong>Rossella Panero<\/strong> \u2013 Presidente TTS Italia<br \/>\n<strong>Piero Sassoli<\/strong> \u2013 Presidente Club Italia<br \/>\n<strong>Vito Mauro \u2013<\/strong> Struttura Tecnica di Missione, Ministero delle Infrastrutture e della Mobilit\u00e0 Sostenibili<br \/>\n<strong>Davide Falasconi<\/strong> \u2013 Chief Innovation Officer, Ministero per l\u2019Innovazione Tecnologica e Transizione Digitale<br \/>\n<strong>Giuseppe Napoli<\/strong> \u2013 Ricercatore, Istituto di Tecnologie Avanzate per l\u2019Energia, Consiglio Nazionale delle Ricerche<br \/>\n<strong>Ivana Paniccia<\/strong> &#8211; Direttore Ufficio Servizi e Mercati Retail, Autorit\u00e0 di Regolazione dei Trasporti<br \/>\n<em>Moderatore: Morena Pivetti<\/em><\/p>\n<p>Ore 16.15 \u2013 <strong><em>Sessione 1 \u2013 Domanda e offerta del MaaS<\/em><\/strong><\/p>\n<p><strong><a href=\"https:\/\/www.ttsitalia.it\/wp-content\/uploads\/2021\/07\/Cirillo_Roma.pdf\">Carolina Cirillo<\/a><\/strong>\u00a0\u2013 Direttore Dipartimento Mobilit\u00e0 e Trasporti, Comune di Roma<br \/>\n<strong><strong><a href=\"https:\/\/www.ttsitalia.it\/wp-content\/uploads\/2021\/07\/Corti_Mastercard.pdf\">Luca Corti<\/a><\/strong>\u00a0\u2013 <\/strong>Vice President Business Development Italy, Mastercard<br \/>\n<strong><a href=\"https:\/\/www.ttsitalia.it\/wp-content\/uploads\/2021\/07\/Sevino_Amat-Milano.pdf\">Valentino Sevino<\/a><\/strong>\u00a0\u2013 Direttore Area Pianificazione Mobilit\u00e0, AMAT Milano<br \/>\n<b><a href=\"https:\/\/www.ttsitalia.it\/wp-content\/uploads\/2021\/07\/DiSrerio.pdf\">Stefania Di Serio<\/a>\u00a0<\/b>&#8211;\u00a0 Seamless Mobility Manager, AlmavivA<br \/>\n<strong><a href=\"https:\/\/www.ttsitalia.it\/wp-content\/uploads\/2021\/07\/Ranieri_Bari.pdf\">Luigi Ranieri<\/a><\/strong>\u00a0\u2013 Direttore per l\u2019attuazione del programma, Comune di Bari<br \/>\n<strong><a href=\"https:\/\/www.ttsitalia.it\/wp-content\/uploads\/2021\/07\/Capogna_Pin-Bike.pdf\">Nico Capogna<\/a>\u00a0&#8211; <\/strong>CEO Pin Bike, Sistemi certificati per l&#8217;incentivazione al bike to work<br \/>\n<strong><a href=\"https:\/\/www.ttsitalia.it\/wp-content\/uploads\/2021\/07\/Tilocca_Cagliari.pdf\">Proto Tilocca<\/a>\u00a0<\/strong>\u2013 Dirigente della Direzione Societ\u00e0 partecipate di CTM SPA e Coordinatore delle attivit\u00e0 operative della societ\u00e0 ITS Citt\u00e0 Metropolitana<br \/>\n<b><a href=\"https:\/\/www.ttsitalia.it\/wp-content\/uploads\/2021\/07\/Doveri_SIA.pdf\">Emiliano Doveri<\/a>\u00a0<\/b>&#8211; Direttore Public Sector, SIA<\/p>\n<p>Ore 18.15 \u2013 <em><strong>Conclusioni a cura del Cons. Mauro Bonaretti &#8211; Capo Dipartimento per i trasporti e la navigazione,\u00a0<em><strong>Ministero delle Infrastrutture e della Mobilit\u00e0 Sostenibili<\/strong><\/em><\/strong><\/em><\/p>\n<p style=\"text-align: center;\"><strong>Mercoled\u00ec 14 Luglio<\/strong><\/p>\n<p style=\"text-align: left;\"><em>Ore 9:00 \u2013 Accredito<\/em><\/p>\n<p>Chairman seconda giornata: <strong>Olga Landolfi<\/strong> \u2013 Segretario Generale TTS Italia<\/p>\n<p><em>Ore 9.30 \u2013 <b>International experiences and policies on MaaS<\/b><\/em><\/p>\n<p><strong><a href=\"https:\/\/www.ttsitalia.it\/wp-content\/uploads\/2021\/07\/Tzanidaki_ERTICO.pdf\">Johanna Tzanidaki<\/a>\u00a0<\/strong>\u2013 Director Innovation &amp; Deployment, Ertico &#8211; ITS Europe<br \/>\n<strong><a href=\"https:\/\/www.ttsitalia.it\/wp-content\/uploads\/2021\/07\/Mezghani_UITP.pdf\">Mohamed Mezghani<\/a>\u00a0<\/strong>\u2013 Segretario Generale, UITP<br \/>\n<strong><a href=\"https:\/\/www.ttsitalia.it\/wp-content\/uploads\/2021\/07\/Brendan_IRF.pdf\">Brendan Halleman<\/a><\/strong>\u00a0\u2013 Vice Presidente Europe &amp; Central Asia, IRF Global<\/p>\n<p><em>Ore 10.15 \u2013 <strong>Sessione 2: Domanda e offerta del MaaS<\/strong><\/em><\/p>\n<p><strong><strong><a href=\"https:\/\/www.ttsitalia.it\/wp-content\/uploads\/2021\/07\/Sosi_OpenMove.pdf\">Alessandro Sosi<\/a>\u00a0<\/strong><\/strong>&#8211; Chief Operating Officer, OpenMove<br \/>\n<strong><a href=\"https:\/\/www.ttsitalia.it\/wp-content\/uploads\/2021\/07\/Cangiano_Unico-Campania.pdf\">Guido Cangiano<\/a>\u00a0<\/strong>\u2013 Coordinatore IT Consorzio Unico Campania<br \/>\n<strong><a href=\"https:\/\/www.ttsitalia.it\/wp-content\/uploads\/2021\/07\/Beccattini_AEP.pdf\">Giovanni Beccattini<\/a>\u00a0<\/strong>&#8211; Amministratore Delegato, AEP Ticketing Solutions<br \/>\n<b><a href=\"https:\/\/www.ttsitalia.it\/wp-content\/uploads\/2021\/07\/Lazzoni_Regione-Liguria.pdf\">Luca Lazzoni<\/a>\u00a0<\/b>\u2013 Settore Trasporto Pubblico Regionale, Regione Liguria<br \/>\n<strong><a href=\"https:\/\/www.ttsitalia.it\/wp-content\/uploads\/2021\/07\/Saiu_Geotab.pdf\">Fabio Saiu<\/a>\u00a0<\/strong>&#8211;<strong>\u00a0<\/strong>Responsabile Geotab Italy e Director of Leasing and Renting Geotab Europe<br \/>\n<strong><a href=\"https:\/\/www.ttsitalia.it\/wp-content\/uploads\/2021\/07\/Assfalg_Firenze.pdf\">Jurgen Assfalg<\/a><\/strong>\u00a0&#8211;\u00a0Responsabile Sviluppo Sistema Informativo e Progetti d&#8217;Innovazione Tecnologica, Citt\u00e0 metropolitana di Firenze<br \/>\n<strong><a href=\"https:\/\/www.ttsitalia.it\/wp-content\/uploads\/2021\/07\/Di-Domenico_Ingenico-Worldline.pdf\">Alessia Di Domenico<\/a>\u00a0<\/strong>\u2013 Key Account Manager Ingenico, B.U. Global Sales &amp; Verticals di Worldline Enterprise Italia,\u00a0INGENICO<br \/>\n<b><a href=\"https:\/\/www.ttsitalia.it\/wp-content\/uploads\/2021\/07\/MASCINO_giornatenazionalimaas.pdf\">Giuseppe Mascino<\/a>\u00a0<\/b>&#8211; Direttore Commerciale, MyCicero<\/p>\n<p><em>Ore 12.15 \u2013 <strong>Presentazione progetto MaaS4Italy<\/strong><\/em><\/p>\n<p><b>Giorgio Pizzi<\/b> \u2013 Dirigente Div4 \u2013 DG STIF TPL, Ministero delle Infrastrutture e della Mobilit\u00e0 Sostenibili<br \/>\n<strong>Davide Falasconi<\/strong> \u2013 Chief Innovation Officer, Ministero per l\u2019Innovazione Tecnologica e Transizione Digitale<\/p>\n<p><em>Ore 13.00 \u2013 <strong>Conclusioni a cura del Dott. Mauro Minenna, Coordinatore del Dipartimento per la Trasformazione Digitale, Ministero per l\u2019Innovazione Tecnologica e Transizione Digitale\u00a0<\/strong><\/em><\/p>\n<p>&nbsp;<\/p>\n<p style=\"text-align: center;\"><a href=\"https:\/\/www.ttsitalia.it\/?attachment_id=56883\" rel=\"attachment wp-att-56883\"><img loading=\"lazy\" class=\"alignnone size-large wp-image-56883\" src=\"https:\/\/www.ttsitalia.it\/wp-content\/uploads\/2021\/07\/Sponsor1-400x457.jpg\" alt=\"Sponsor\" width=\"400\" height=\"457\" srcset=\"https:\/\/www.ttsitalia.it\/wp-content\/uploads\/2021\/07\/Sponsor1-400x457.jpg 400w, https:\/\/www.ttsitalia.it\/wp-content\/uploads\/2021\/07\/Sponsor1-262x300.jpg 262w, https:\/\/www.ttsitalia.it\/wp-content\/uploads\/2021\/07\/Sponsor1.jpg 551w\" sizes=\"(max-width: 400px) 100vw, 400px\" \/><\/a><\/p>\n","protected":false},"excerpt":{"rendered":"<p>13 e 14 Luglio 2021 \u2013 Roma Eventi \u2013 Via Alibert, 5A \u2013 Roma Marted\u00ec 13 Luglio Ore 10:00 \u2013 Accredito Chairman prima giornata: Claudio Claroni \u2013 Direttore Club Italia Ore 11:00 \u2013 Saluti Rossella Panero \u2013 Presidente TTS Italia Piero Sassoli \u2013 Presidente Club Italia Ore 11:15 \u2013 Linee Guida per lo sviluppo dei&hellip; <a class=\"more-link\" href=\"https:\/\/www.ttsitalia.it\/en\/giornate-nazionali-del-maas-agenda\/\">Continue reading <span class=\"screen-reader-text\">Giornate Nazionali del MaaS &#8211; Agenda<\/span><\/a><\/p>\n","protected":false},"author":4,"featured_media":0,"parent":0,"menu_order":0,"comment_status":"closed","ping_status":"closed","template":"","meta":{"_uag_custom_page_level_css":""},"uagb_featured_image_src":{"full":false,"thumbnail":false,"medium":false,"medium_large":false,"large":false,"1536x1536":false,"2048x2048":false,"post-thumbnail":false},"uagb_author_info":{"display_name":"laura","author_link":"https:\/\/www.ttsitalia.it\/en\/author\/laura\/"},"uagb_comment_info":0,"uagb_excerpt":"13 e 14 Luglio 2021 \u2013 Roma Eventi \u2013 Via Alibert, 5A \u2013 Roma Marted\u00ec 13 Luglio Ore 10:00 \u2013 Accredito Chairman prima giornata: Claudio Claroni \u2013 Direttore Club Italia Ore 11:00 \u2013 Saluti Rossella Panero \u2013 Presidente TTS Italia Piero Sassoli \u2013 Presidente Club Italia Ore 11:15 \u2013 Linee Guida per lo sviluppo dei&hellip;&hellip;","_links":{"self":[{"href":"https:\/\/www.ttsitalia.it\/en\/wp-json\/wp\/v2\/pages\/56532"}],"collection":[{"href":"https:\/\/www.ttsitalia.it\/en\/wp-json\/wp\/v2\/pages"}],"about":[{"href":"https:\/\/www.ttsitalia.it\/en\/wp-json\/wp\/v2\/types\/page"}],"author":[{"embeddable":true,"href":"https:\/\/www.ttsitalia.it\/en\/wp-json\/wp\/v2\/users\/4"}],"replies":[{"embeddable":true,"href":"https:\/\/www.ttsitalia.it\/en\/wp-json\/wp\/v2\/comments?post=56532"}],"version-history":[{"count":53,"href":"https:\/\/www.ttsitalia.it\/en\/wp-json\/wp\/v2\/pages\/56532\/revisions"}],"predecessor-version":[{"id":57165,"href":"https:\/\/www.ttsitalia.it\/en\/wp-json\/wp\/v2\/pages\/56532\/revisions\/57165"}],"wp:attachment":[{"href":"https:\/\/www.ttsitalia.it\/en\/wp-json\/wp\/v2\/media?parent=56532"}],"curies":[{"name":"wp","href":"https:\/\/api.w.org\/{rel}","templated":true}]}}