{"id":63009,"date":"2022-05-16T13:27:59","date_gmt":"2022-05-16T11:27:59","guid":{"rendered":"https:\/\/www.ttsitalia.it\/?page_id=63009"},"modified":"2022-05-16T15:21:17","modified_gmt":"2022-05-16T13:21:17","slug":"home-page","status":"publish","type":"page","link":"https:\/\/www.ttsitalia.it\/en\/","title":{"rendered":"Home page"},"content":{"rendered":"\n\t\t\t<div class=\"wp-block-uagb-post-carousel uagb-post-grid focus-home uagb-post__image-position-top uagb-post__image-enabled uagb-block-b1e8823b     uagb-post__arrow-outside uagb-slick-carousel uagb-post__items uagb-post__columns-1 is-carousel uagb-post__columns-tablet-2 uagb-post__columns-mobile-1\" data-total=\"304\" style=\"\">\n\n\t\t\t\t\t\t\t\t\t\t\t\t<article class=\"uagb-post__inner-wrap\">\t\t\t\t\t\t\t\t<h4 class=\"uagb-post__title uagb-post__text\">\n\t\t\t\t<a href=\"https:\/\/www.ttsitalia.it\/en\/appropriazione-indebita-targa-telematics-rafforza-la-prevenzione-con-soluzioni-ai-driven\/\" target=\"_self\" rel=\"bookmark noopener noreferrer\">Appropriazione indebita: Targa Telematics rafforza la prevenzione con soluzioni AI-driven<\/a>\n\t\t\t<\/h4>\n\t\t\t\t\t\t<div class='uagb-post__text uagb-post-grid-byline'>\n\t\t\t\t\t\t\t\t<time datetime=\"2026-04-23T09:15:32+02:00\" class=\"uagb-post__date\">\n\t\t\t\t<span class=\"dashicons-calendar dashicons\"><\/span>\t\t\t\t\t23 April 2026\t\t\t\t<\/time>\n\t\t\t\t\t\t<\/div>\n\t\t\t\t\t\t\t<div class='uagb-post__text uagb-post__excerpt'>\n\t\t\t\t\t<!-- wp:image {\"id\":78760,\"sizeSlug\":\"large\",\"linkDestination\":\"none\"} -->\n<figure class=\"wp-block-image size-large\"><img loading=\"lazy\" width=\"400\" height=\"77\" src=\"https:\/\/www.ttsitalia.it\/wp-content\/uploads\/2024\/02\/logo_targatelematics_pos_full_4000px-400x77.jpg\" alt=\"\" class=\"wp-image-78760\" srcset=\"https:\/\/www.ttsitalia.it\/wp-content\/uploads\/2024\/02\/logo_targatelematics_pos_full_4000px-400x77.jpg 400w, https:\/\/www.ttsitalia.it\/wp-content\/uploads\/2024\/02\/logo_targatelematics_pos_full_4000px-300x58.jpg 300w, https:\/\/www.ttsitalia.it\/wp-content\/uploads\/2024\/02\/logo_targatelematics_pos_full_4000px-768x148.jpg 768w, https:\/\/www.ttsitalia.it\/wp-content\/uploads\/2024\/02\/logo_targatelematics_pos_full_4000px-1536x295.jpg 1536w, https:\/\/www.ttsitalia.it\/wp-content\/uploads\/2024\/02\/logo_targatelematics_pos_full_4000px-2048x394.jpg 2048w, https:\/\/www.ttsitalia.it\/wp-content\/uploads\/2024\/02\/logo_targatelematics_pos_full_4000px-1568x302.jpg 1568w\" sizes=\"(max-width: 400px) 100vw, 400px\" \/><\/figure>\n<!-- \/wp:image -->\n\n<!-- wp:paragraph -->\n<p>In Italia, l&#8217;appropriazione indebita rappresenta una componente minoritaria ma significativa nel panorama dei veicoli sottratti illegalmente, configurandosi spesso nel contesto di contratti di noleggio o leasing non onorati. Per gli operatori, i danni possono essere ingenti: patrimoniali (perdita del valore residuo dell&#8217;auto e interruzione dei canoni), operativi (costi legali e investigativi legati al recupero del mezzo) e assicurativi (a causa, ad esempio, di franchigie pi\u00f9 elevate rispetto al furto comune). Addirittura, si stima che in una flotta di medie dimensioni l\u2019appropriazione indebita possa avere un impatto pari a oltre 1 milione di Euro (considerando una flotta media di 10.000 veicoli e un tasso di appropriazione indebita annua su flotta media dello 0,46% &#8211; dato ANIASA).<\/p>\n<!-- \/wp:paragraph -->\n\n\n<div class=\"more-link-container\"><a class=\"more-link\" href=\"https:\/\/www.ttsitalia.it\/en\/appropriazione-indebita-targa-telematics-rafforza-la-prevenzione-con-soluzioni-ai-driven\/#more-89329\">Continue reading <span class=\"screen-reader-text\">Appropriazione indebita: Targa Telematics rafforza la prevenzione con soluzioni AI-driven<\/span><\/a><\/div>\t\t\t\t<\/div>\n\t\t\t\t\t\t\t\t\t\t\t\t<\/article>\n\t\t\t\t\t\t\t\t\t\t\t\t\t\t\t\t<article class=\"uagb-post__inner-wrap\">\t\t\t\t\t\t\t\t<h4 class=\"uagb-post__title uagb-post__text\">\n\t\t\t\t<a href=\"https:\/\/www.ttsitalia.it\/en\/mooney-e-consorzio-unicocampania-insieme-per-la-vendita-dei-biglietti-del-trasporto-pubblico-locale-positivi-i-primi-risultati\/\" target=\"_self\" rel=\"bookmark noopener noreferrer\">Mooney e Consorzio UnicoCampania insieme per la vendita dei biglietti del trasporto pubblico locale \u2013 Positivi i primi risultati<\/a>\n\t\t\t<\/h4>\n\t\t\t\t\t\t<div class='uagb-post__text uagb-post-grid-byline'>\n\t\t\t\t\t\t\t\t<time datetime=\"2026-04-21T09:09:35+02:00\" class=\"uagb-post__date\">\n\t\t\t\t<span class=\"dashicons-calendar dashicons\"><\/span>\t\t\t\t\t21 April 2026\t\t\t\t<\/time>\n\t\t\t\t\t\t<\/div>\n\t\t\t\t\t\t\t<div class='uagb-post__text uagb-post__excerpt'>\n\t\t\t\t\t<!-- wp:image {\"id\":61356,\"sizeSlug\":\"full\",\"linkDestination\":\"none\"} -->\n<figure class=\"wp-block-image size-full\"><img loading=\"lazy\" width=\"150\" height=\"58\" src=\"https:\/\/www.ttsitalia.it\/wp-content\/uploads\/2022\/04\/unico-campania.gif\" alt=\"\" class=\"wp-image-61356\" \/><\/figure>\n<!-- \/wp:image -->\n\n<!-- wp:paragraph -->\n<p>Garantire agli utenti del trasporto pubblico locale in Campania una modalit\u00e0 semplice, veloce e capillare per acquistare i propri biglietti, favorendo cos\u00ec l\u2019utilizzo di modalit\u00e0 di trasporto sostenibili. \u00c8 l\u2019obiettivo della collaborazione tra Mooney, fintech italiana di prossimit\u00e0 partecipata da Enel, attraverso Enel X, e da Intesa Sanpaolo, attraverso Isybank, e Consorzio UnicoCampania, realt\u00e0 che si occupa della gestione della tariffazione per il trasporto pubblico locale nella Regione Campania, e socio ordinario di TTS Italia.<\/p>\n<!-- \/wp:paragraph -->\n\n\n<div class=\"more-link-container\"><a class=\"more-link\" href=\"https:\/\/www.ttsitalia.it\/en\/mooney-e-consorzio-unicocampania-insieme-per-la-vendita-dei-biglietti-del-trasporto-pubblico-locale-positivi-i-primi-risultati\/#more-89314\">Continue reading <span class=\"screen-reader-text\">Mooney e Consorzio UnicoCampania insieme per la vendita dei biglietti del trasporto pubblico locale \u2013 Positivi i primi risultati<\/span><\/a><\/div>\t\t\t\t<\/div>\n\t\t\t\t\t\t\t\t\t\t\t\t<\/article>\n\t\t\t\t\t\t\t\t\t\t\t\t\t\t\t\t<article class=\"uagb-post__inner-wrap\">\t\t\t\t\t\t\t\t<h4 class=\"uagb-post__title uagb-post__text\">\n\t\t\t\t<a href=\"https:\/\/www.ttsitalia.it\/en\/tts-italia-da-il-benvenuto-a-un-nuovo-socio\/\" target=\"_self\" rel=\"bookmark noopener noreferrer\">TTS Italia d\u00e0 il benvenuto a un nuovo socio!<\/a>\n\t\t\t<\/h4>\n\t\t\t\t\t\t<div class='uagb-post__text uagb-post-grid-byline'>\n\t\t\t\t\t\t\t\t<time datetime=\"2026-04-16T12:22:50+02:00\" class=\"uagb-post__date\">\n\t\t\t\t<span class=\"dashicons-calendar dashicons\"><\/span>\t\t\t\t\t16 April 2026\t\t\t\t<\/time>\n\t\t\t\t\t\t<\/div>\n\t\t\t\t\t\t\t<div class='uagb-post__text uagb-post__excerpt'>\n\t\t\t\t\t<!-- wp:image {\"id\":89244,\"sizeSlug\":\"full\",\"linkDestination\":\"none\"} -->\n<figure class=\"wp-block-image size-full\"><img loading=\"lazy\" width=\"281\" height=\"179\" src=\"https:\/\/www.ttsitalia.it\/wp-content\/uploads\/2026\/04\/download.png\" alt=\"\" class=\"wp-image-89244\" \/><\/figure>\n<!-- \/wp:image -->\n\n<!-- wp:paragraph -->\n<p>A seguito dell&#8217;approvazione da parte del Consiglio Direttivo, TTS Italia \u00e8 felice di dare il benvenuto a un nuovo socio: <strong><a href=\"https:\/\/www.turintech.it\/home\">Turin Tech<\/a><\/strong>.<\/p>\n<!-- \/wp:paragraph -->\n\n\n<div class=\"more-link-container\"><a class=\"more-link\" href=\"https:\/\/www.ttsitalia.it\/en\/tts-italia-da-il-benvenuto-a-un-nuovo-socio\/#more-89243\">Continue reading <span class=\"screen-reader-text\">TTS Italia d\u00e0 il benvenuto a un nuovo socio!<\/span><\/a><\/div>\t\t\t\t<\/div>\n\t\t\t\t\t\t\t\t\t\t\t\t<\/article>\n\t\t\t\t\t\t\t\t\t\t\t\t\t\t\t\t<article class=\"uagb-post__inner-wrap\">\t\t\t\t\t\t\t\t<h4 class=\"uagb-post__title uagb-post__text\">\n\t\t\t\t<a href=\"https:\/\/www.ttsitalia.it\/en\/circle-group-e-dario-perioli-group-avanzano-i-corridoi-logistici-digitali-tra-italia-e-tunisia-con-il-progetto-ifstl\/\" target=\"_self\" rel=\"bookmark noopener noreferrer\">Circle Group e Dario Perioli Group: avanzano i corridoi logistici digitali tra Italia e Tunisia con il progetto IFSTL<\/a>\n\t\t\t<\/h4>\n\t\t\t\t\t\t<div class='uagb-post__text uagb-post-grid-byline'>\n\t\t\t\t\t\t\t\t<time datetime=\"2026-04-16T09:53:20+02:00\" class=\"uagb-post__date\">\n\t\t\t\t<span class=\"dashicons-calendar dashicons\"><\/span>\t\t\t\t\t16 April 2026\t\t\t\t<\/time>\n\t\t\t\t\t\t<\/div>\n\t\t\t\t\t\t\t<div class='uagb-post__text uagb-post__excerpt'>\n\t\t\t\t\t<!-- wp:image {\"id\":60839,\"sizeSlug\":\"full\",\"linkDestination\":\"none\"} -->\n<figure class=\"wp-block-image size-full\"><img loading=\"lazy\" width=\"200\" height=\"65\" src=\"https:\/\/www.ttsitalia.it\/wp-content\/uploads\/2022\/03\/circle-2022.jpg\" alt=\"\" class=\"wp-image-60839\" \/><\/figure>\n<!-- \/wp:image -->\n\n<!-- wp:paragraph -->\n<p>CIRCLE Group (\u201cCIRCLE\u201d o la \u201cSociet\u00e0\u201d) &#8211; PMI Innovativa quotata sul mercato Euronext Growth Milan, a capo dell\u2019omonimo Gruppo specializzato nell\u2019analisi dei processi e nello sviluppo di soluzioni per l\u2019innovazione e la digitalizzazione dei settori portuale e della logistica intermodale, oltre che nella consulenza internazionale sui temi del Green Deal e della transizione energetica, e socio ordinario di TTS Italia \u2013 e Dario Perioli Group, operatore logistico e marittimo internazionale, proseguono nello sviluppo del progetto IFSTL \u2013 International Fast &amp; Secure Trade Lanes, iniziativa volta a rafforzare e rendere pi\u00f9 efficienti i corridoi logistici tra Italia e Nord Africa, con un focus operativo sul collegamento tra Italia e Tunisia.<\/p>\n<!-- \/wp:paragraph -->\n\n\n<div class=\"more-link-container\"><a class=\"more-link\" href=\"https:\/\/www.ttsitalia.it\/en\/circle-group-e-dario-perioli-group-avanzano-i-corridoi-logistici-digitali-tra-italia-e-tunisia-con-il-progetto-ifstl\/#more-89229\">Continue reading <span class=\"screen-reader-text\">Circle Group e Dario Perioli Group: avanzano i corridoi logistici digitali tra Italia e Tunisia con il progetto IFSTL<\/span><\/a><\/div>\t\t\t\t<\/div>\n\t\t\t\t\t\t\t\t\t\t\t\t<\/article>\n\t\t\t\t\t\t\t\t\t\t\t\t\t\t\t\t<article class=\"uagb-post__inner-wrap\">\t\t\t\t\t\t\t\t<h4 class=\"uagb-post__title uagb-post__text\">\n\t\t\t\t<a href=\"https:\/\/www.ttsitalia.it\/en\/cinquet-la-mobilita-intelligente-cambia-il-suo-volto\/\" target=\"_self\" rel=\"bookmark noopener noreferrer\">CinqueT &#8211; La mobilit\u00e0 intelligente cambia il suo volto<\/a>\n\t\t\t<\/h4>\n\t\t\t\t\t\t<div class='uagb-post__text uagb-post-grid-byline'>\n\t\t\t\t\t\t\t\t<time datetime=\"2026-04-15T09:44:25+02:00\" class=\"uagb-post__date\">\n\t\t\t\t<span class=\"dashicons-calendar dashicons\"><\/span>\t\t\t\t\t15 April 2026\t\t\t\t<\/time>\n\t\t\t\t\t\t<\/div>\n\t\t\t\t\t\t\t<div class='uagb-post__text uagb-post__excerpt'>\n\t\t\t\t\t<!-- wp:image {\"id\":89218,\"sizeSlug\":\"full\",\"linkDestination\":\"none\"} -->\n<figure class=\"wp-block-image size-full\"><img loading=\"lazy\" width=\"250\" height=\"61\" src=\"https:\/\/www.ttsitalia.it\/wp-content\/uploads\/2026\/04\/5Tpayoff_colore_RGB.png\" alt=\"\" class=\"wp-image-89218\" \/><\/figure>\n<!-- \/wp:image -->\n\n<!-- wp:paragraph -->\n<p>5T, socio ordinario di TTS Italia, si rinnova e diventa CinqueT: una nuova immagine per accompagnare la transizione verso una mobilit\u00e0 ancora pi\u00f9 intelligente, sostenibile e inclusiva; e che simboleggia il percorso di evoluzione della societ\u00e0 pubblica che da oltre trent\u2019anni realizza e gestisce soluzioni di mobilit\u00e0 intelligente, rendendo pi\u00f9 sostenibile la mobilit\u00e0 individuale e collettiva.<\/p>\n<!-- \/wp:paragraph -->\n\n\n<div class=\"more-link-container\"><a class=\"more-link\" href=\"https:\/\/www.ttsitalia.it\/en\/cinquet-la-mobilita-intelligente-cambia-il-suo-volto\/#more-89226\">Continue reading <span class=\"screen-reader-text\">CinqueT &#8211; La mobilit\u00e0 intelligente cambia il suo volto<\/span><\/a><\/div>\t\t\t\t<\/div>\n\t\t\t\t\t\t\t\t\t\t\t\t<\/article>\n\t\t\t\t\t\t\t\t\t\t\t\t\t\t\t\t<article class=\"uagb-post__inner-wrap\">\t\t\t\t\t\t\t\t<h4 class=\"uagb-post__title uagb-post__text\">\n\t\t\t\t<a href=\"https:\/\/www.ttsitalia.it\/en\/targa-telematics-cresce-a-doppia-cifra-nel-2025-e-punta-sullespansione-internazionale\/\" target=\"_self\" rel=\"bookmark noopener noreferrer\">Targa Telematics cresce a doppia cifra nel 2025 e punta sull&#8217;espansione internazionale<\/a>\n\t\t\t<\/h4>\n\t\t\t\t\t\t<div class='uagb-post__text uagb-post-grid-byline'>\n\t\t\t\t\t\t\t\t<time datetime=\"2026-04-15T09:44:11+02:00\" class=\"uagb-post__date\">\n\t\t\t\t<span class=\"dashicons-calendar dashicons\"><\/span>\t\t\t\t\t15 April 2026\t\t\t\t<\/time>\n\t\t\t\t\t\t<\/div>\n\t\t\t\t\t\t\t<div class='uagb-post__text uagb-post__excerpt'>\n\t\t\t\t\t<!-- wp:image {\"id\":78760,\"sizeSlug\":\"large\",\"linkDestination\":\"none\"} -->\n<figure class=\"wp-block-image size-large\"><img loading=\"lazy\" width=\"400\" height=\"77\" src=\"https:\/\/www.ttsitalia.it\/wp-content\/uploads\/2024\/02\/logo_targatelematics_pos_full_4000px-400x77.jpg\" alt=\"\" class=\"wp-image-78760\" srcset=\"https:\/\/www.ttsitalia.it\/wp-content\/uploads\/2024\/02\/logo_targatelematics_pos_full_4000px-400x77.jpg 400w, https:\/\/www.ttsitalia.it\/wp-content\/uploads\/2024\/02\/logo_targatelematics_pos_full_4000px-300x58.jpg 300w, https:\/\/www.ttsitalia.it\/wp-content\/uploads\/2024\/02\/logo_targatelematics_pos_full_4000px-768x148.jpg 768w, https:\/\/www.ttsitalia.it\/wp-content\/uploads\/2024\/02\/logo_targatelematics_pos_full_4000px-1536x295.jpg 1536w, https:\/\/www.ttsitalia.it\/wp-content\/uploads\/2024\/02\/logo_targatelematics_pos_full_4000px-2048x394.jpg 2048w, https:\/\/www.ttsitalia.it\/wp-content\/uploads\/2024\/02\/logo_targatelematics_pos_full_4000px-1568x302.jpg 1568w\" sizes=\"(max-width: 400px) 100vw, 400px\" \/><\/figure>\n<!-- \/wp:image -->\n\n<!-- wp:paragraph -->\n<p>Nel 2025 il fatturato di Targa Telematics, socio fondatore di TTS Italia, \u00e8 cresciuto del +10% rispetto all\u2019anno precedente. La societ\u00e0 tech \u2013 uno dei principali player globali nel campo dell\u2019AIoT (Artificial Intelligence of Things) nello sviluppo di soluzioni e piattaforme digitali per la mobilit\u00e0 connessa \u2013 ha registrato ricavi pari a 125 milioni di euro con un Ebitda di circa 30 milioni di euro.<\/p>\n<!-- \/wp:paragraph -->\n\n\n<div class=\"more-link-container\"><a class=\"more-link\" href=\"https:\/\/www.ttsitalia.it\/en\/targa-telematics-cresce-a-doppia-cifra-nel-2025-e-punta-sullespansione-internazionale\/#more-89215\">Continue reading <span class=\"screen-reader-text\">Targa Telematics cresce a doppia cifra nel 2025 e punta sull&#8217;espansione internazionale<\/span><\/a><\/div>\t\t\t\t<\/div>\n\t\t\t\t\t\t\t\t\t\t\t\t<\/article>\n\t\t\t\t\t\t\t\t\t\t\t<\/div>\n\t\t\t\n\n\n<p><\/p>\n","protected":false},"excerpt":{"rendered":"","protected":false},"author":724,"featured_media":0,"parent":0,"menu_order":0,"comment_status":"closed","ping_status":"closed","template":"home-page.php","meta":{"_uag_custom_page_level_css":""},"uagb_featured_image_src":{"full":false,"thumbnail":false,"medium":false,"medium_large":false,"large":false,"1536x1536":false,"2048x2048":false,"post-thumbnail":false},"uagb_author_info":{"display_name":"Lorenzo Richiardi","author_link":"https:\/\/www.ttsitalia.it\/en\/author\/numeroquattro\/"},"uagb_comment_info":0,"uagb_excerpt":null,"_links":{"self":[{"href":"https:\/\/www.ttsitalia.it\/en\/wp-json\/wp\/v2\/pages\/63009"}],"collection":[{"href":"https:\/\/www.ttsitalia.it\/en\/wp-json\/wp\/v2\/pages"}],"about":[{"href":"https:\/\/www.ttsitalia.it\/en\/wp-json\/wp\/v2\/types\/page"}],"author":[{"embeddable":true,"href":"https:\/\/www.ttsitalia.it\/en\/wp-json\/wp\/v2\/users\/724"}],"replies":[{"embeddable":true,"href":"https:\/\/www.ttsitalia.it\/en\/wp-json\/wp\/v2\/comments?post=63009"}],"version-history":[{"count":1,"href":"https:\/\/www.ttsitalia.it\/en\/wp-json\/wp\/v2\/pages\/63009\/revisions"}],"predecessor-version":[{"id":63171,"href":"https:\/\/www.ttsitalia.it\/en\/wp-json\/wp\/v2\/pages\/63009\/revisions\/63171"}],"wp:attachment":[{"href":"https:\/\/www.ttsitalia.it\/en\/wp-json\/wp\/v2\/media?parent=63009"}],"curies":[{"name":"wp","href":"https:\/\/api.w.org\/{rel}","templated":true}]}}