{"id":78959,"date":"2024-03-13T10:42:29","date_gmt":"2024-03-13T09:42:29","guid":{"rendered":"https:\/\/www.ttsitalia.it\/?page_id=78959"},"modified":"2024-05-17T09:27:52","modified_gmt":"2024-05-17T07:27:52","slug":"soluzioni-tecnologiche-per-la-sicurezza-dei-servizi-di-mobilita","status":"publish","type":"page","link":"https:\/\/www.ttsitalia.it\/en\/soluzioni-tecnologiche-per-la-sicurezza-dei-servizi-di-mobilita\/","title":{"rendered":"Soluzioni tecnologiche per la sicurezza dei servizi di mobilit\u00e0"},"content":{"rendered":"\n<p class=\"has-text-align-center\">Convegno<\/p>\n\n\n\n<p class=\"has-text-align-center\"><strong>15 Maggio 2024<\/strong><\/p>\n\n\n\n<p class=\"has-text-align-center\"><a href=\"https:\/\/www.congressirospigliosi.it\/location\/\">Palazzo Rospigliosi<\/a><\/p>\n\n\n\n<p class=\"has-text-align-center\">Via Ventiquattro Maggio, 43<\/p>\n\n\n\n<p class=\"has-text-align-center\"><strong>Roma<\/strong><\/p>\n\n\n\n<figure class=\"wp-block-image size-full\"><img loading=\"lazy\" width=\"250\" height=\"180\" src=\"https:\/\/www.ttsitalia.it\/wp-content\/uploads\/2024\/01\/Senzanome.png\" alt=\"\" class=\"wp-image-78309\"\/><\/figure>\n\n\n\n<p><strong>Con il Patrocinio di<\/strong><\/p>\n\n\n\n<figure class=\"wp-block-image size-full\"><img loading=\"lazy\" width=\"400\" height=\"135\" src=\"https:\/\/www.ttsitalia.it\/wp-content\/uploads\/2024\/03\/Senzanome-1.jpg\" alt=\"\" class=\"wp-image-79145\" srcset=\"https:\/\/www.ttsitalia.it\/wp-content\/uploads\/2024\/03\/Senzanome-1.jpg 400w, https:\/\/www.ttsitalia.it\/wp-content\/uploads\/2024\/03\/Senzanome-1-300x101.jpg 300w\" sizes=\"(max-width: 400px) 100vw, 400px\" \/><\/figure>\n\n\n\n<p><\/p>\n\n\n\n<p><strong>Ore 9:30 \u2013 <\/strong><em>Accredito e welcome coffee<\/em><\/p>\n\n\n\n<p><strong>Ore 10:30 \u2013 <\/strong><em>Saluti istituzionali<\/em><\/p>\n\n\n\n<ul><li><strong>Rossella Panero \u2013 <\/strong>Presidente, TTS Italia<\/li><li><strong>Davide Bordoni \u2013<\/strong> Consigliere del Vicepresidente del Consiglio Sen. Matteo Salvini<\/li><\/ul>\n\n\n\n<p><strong>Ore 10.45 \u2013 I 25 anni di TTS Italia<\/strong><\/p>\n\n\n\n<ul><li><strong>Rossella Panero \u2013 <\/strong>Presidente, TTS Italia &#8211; <a href=\"https:\/\/www.ttsitalia.it\/wp-content\/uploads\/2024\/05\/Rossella-Panero.pdf\"><strong>Presentazione<\/strong><\/a><\/li><\/ul>\n\n\n\n<p><strong>Ore 11:15 \u2013 Presentazione del Manifesto di TTS Italia su \u201c<em>Soluzioni tecnologiche per la sicurezza dei servizi di mobilit\u00e0<\/em>\u201d<\/strong><\/p>\n\n\n\n<ul><li><strong>Olga Landolfi \u2013 <\/strong>Segretario Generale, TTS Italia &#8211; <a href=\"https:\/\/www.ttsitalia.it\/wp-content\/uploads\/2024\/05\/Olga-Landolfi.pdf\"><strong>Presentazione<\/strong><\/a><\/li><\/ul>\n\n\n\n<p><strong>Ore 11:30 \u2013 Sessione 1: \u201c<em>Le soluzioni tecnologiche per la sicurezza dei modi di trasporto\u201d<\/em><\/strong><\/p>\n\n\n\n<ul><li><strong><strong>Valentino Iurato<\/strong><\/strong> \u2013 Direttore Div. 2 \u201cCircolazione stradale ed omologazione dei relativi dispositivi di regolazione e controllo&#8221; della Direzione Generale per la Sicurezza Stradale e l\u2019Autotrasporto, Ministero delle Infrastrutture e dei Trasporti &#8211; <em>Disciplina del controllo dinamico della massa dei veicoli stradali<\/em> &#8211; <strong>DIVULGAZIONE DELLA PRESENTAZIONE NON AUTORIZZATA<\/strong><\/li><li><strong>Angelo Dionisi \u2013 <\/strong>Amministratore Delegato Engine &#8211; <em>Un passo avanti nelle soluzioni di rilevamento automatico delle violazioni al codice della strada<\/em> &#8211; <a href=\"https:\/\/www.ttsitalia.it\/wp-content\/uploads\/2024\/05\/Angelo-Dionisi.pdf\"><strong>Presentazione<\/strong><\/a><\/li><li><strong>Tommaso Ferrari<\/strong> &#8211; Assessore Transizione ecologica, Ambiente, Mobilit\u00e0, Rapporti con il Consiglio, Piano Triennale Lavori Pubblici, Coordinamento Lavori Pubblici e Progetti Complessi, Edilizia Civile, Comune di Verona &#8211; <em>Mobilit\u00e0 sostenibile \u00e9 sicurezza stradale<\/em> &#8211;  <strong>PRESENTAZIONE NON DISPONIBILE<\/strong><\/li><li><strong>Lugi Altamura <\/strong>\u2013 Comandante Polizia Locale Comune di Verona, Componente Tavolo Coordinamento Polizie Locale in ANCI &#8211; <em>Quel pasticciaccio brutto dell&#8217;autovelox\u2026e non solo!  &#8211; Da remoto<\/em> &#8211; <a href=\"https:\/\/www.ttsitalia.it\/wp-content\/uploads\/2024\/05\/Luigi-Altamura.pdf\"><strong>Presentazione<\/strong><\/a><\/li><li><strong>Francesco Piccinonno<\/strong> &#8211; Responsabile Area Smart Road &amp; Traffic Management, Almaviva &#8211; <em>Il ruolo dell\u2019integrazione tecnologica dei sistemi ITS per la sicurezza<\/em> &#8211; <a href=\"https:\/\/www.ttsitalia.it\/wp-content\/uploads\/2024\/05\/Francesco-Piccinonno.pdf\"><strong>Presentazione<\/strong><\/a><\/li><li><strong>Francesco Scotto \u2013 <\/strong>Direttore studi e ricerche, Fondazione ACI &#8211; <em>Efficacia e diffusione dei sistemi di assistenza e sicurezza alla guida<\/em> &#8211;<strong> <a href=\"https:\/\/www.ttsitalia.it\/wp-content\/uploads\/2024\/05\/Francesco-Scotto.pdf\">Presentazione<\/a><\/strong><\/li><li><strong>Vincenzo Galdi \u2013 <\/strong>Dipartimento di Ingegneria Industriale, Universit\u00e0 di Salerno &#8211; <em>Gli ITS per il monitoraggio della regolarit\u00e0 del servizio e la manutenzione preventiva degli impianti per l&#8217;altra velocit\u00e0 ferroviaria: il sistema SAVE di Mistral<\/em> &#8211; <a href=\"https:\/\/www.ttsitalia.it\/wp-content\/uploads\/2024\/05\/Vincenzo-Galdi.pdf\"><strong>Presentazione<\/strong><\/a><\/li><\/ul>\n\n\n\n<p><strong><em>Modera: <\/em><\/strong><em>Bruno Pezzuto, Vice Presidente TTS Italia e Responsabile Servizio Controllo traffico del Comune di Verona<\/em><\/p>\n\n\n\n<p><strong>Ore 13.15 \u2013 Light lunch<\/strong><\/p>\n\n\n\n<p><strong>Ore 14.30 \u2013 Sessione 2: \u201c<em>Le soluzioni tecnologiche per la security dei servizi di mobilit\u00e0<\/em>\u201d<\/strong><\/p>\n\n\n\n<ul><li><strong>Giorgio Pizzi <\/strong>\u2013 Direzione Generale per il trasporto pubblico locale e regionale e la mobilit\u00e0 pubblica sostenibile, Ministero delle Infrastrutture e dei Trasporti &#8211; <em>Cybersecurity e safety per la mobilit\u00e0, un legame imprescindibile<\/em> &#8211; <strong>PRESENTAZIONE NON DISPONIBILE<\/strong><\/li><li><strong>Nicola Pascale \u2013 <\/strong>Amministratore Delegato ANM &#8211; <em>Servizi di mobilit\u00e0 su gomma e su ferro: dati e soluzioni a confronto<\/em> &#8211; <a href=\"https:\/\/www.ttsitalia.it\/wp-content\/uploads\/2024\/05\/Nicola-Pascale.pdf\"><strong>Presentazione<\/strong><\/a><\/li><li><strong>Roberto Bordin<\/strong> &#8211; Smart Mobility Product Owner, Targa Telematics &#8211; <em>La telematica al servizio della sicurezza della mobilit\u00e0<\/em> &#8211; <a href=\"https:\/\/www.ttsitalia.it\/wp-content\/uploads\/2024\/05\/Roberto-Bordin.pdf\"><strong>Presentazione<\/strong><\/a><\/li><li><strong>Massimo Marciani <\/strong>\u2013 Presidente, Freight Leaders Council &#8211; <em>Mobility data space per la digitalizzazione delle citt\u00e0<\/em> &#8211; <a href=\"https:\/\/www.ttsitalia.it\/wp-content\/uploads\/2024\/05\/Massimo-Marciani.pdf\"><strong>Presentazione<\/strong><\/a><\/li><li><strong>Alessandro Musmeci <\/strong>\u2013 Area Tecnica e Affari Internazionali, AISCAT &#8211; <em>Creazione di un ISAC (Information Sharing and Analysis Centre) nazionale per il settore del trasporto stradale<\/em> &#8211;<a href=\"https:\/\/www.ttsitalia.it\/wp-content\/uploads\/2024\/05\/Alessandro-Musmeci.pdf\"> <strong>Presentazione<\/strong><\/a><\/li><li><strong>Antonio Varriale <\/strong>&#8211; VIFRAM &#8211; <em>PRAESIDIUM: la soluzione integrata per la sicurezza e l\u2019efficienza di reti cablate e wireless<\/em> &#8211;<a href=\"https:\/\/www.ttsitalia.it\/wp-content\/uploads\/2024\/05\/Antonio-Varriale.pdf\"><strong> Presentazione<\/strong><\/a><\/li><li><strong>Luca Bonura \u2013 <\/strong>Traffic Management Business Unit Manager 5T &#8211; D<em>agli ITS ai C-ITS: un nuovo approccio per la sicurezza dei servizi di mobilit\u00e0 in area urbana<\/em> &#8211; <a href=\"https:\/\/www.ttsitalia.it\/wp-content\/uploads\/2024\/05\/Luca-Bonura.pdf\"><strong>Presentazione<\/strong><\/a><\/li><\/ul>\n\n\n\n<p><strong><em>Modera: <\/em><\/strong><em>Olga Landolfi \u2013 Segretario Generale TTS Italia<\/em><\/p>\n\n\n\n<p><strong>Ore 16.30 &#8211; Tea break<\/strong><\/p>\n\n\n\n<p><strong>Ore 16.45 \u2013 Tavola rotonda \u201c<\/strong><strong><em>Sicurezza dei servizi di mobilit\u00e0 come fattore chiave per il progresso economico e sociale del Paese<\/em><\/strong><strong>\u201d<\/strong><\/p>\n\n\n\n<ul><li><strong>Lorenzo Basso &#8211; <\/strong>Vice Presidente 8\u00aa Commissione permanente del Senato su Ambiente, transizione ecologica, energia, lavori pubblici, comunicazioni, innovazione tecnologica <\/li><li><strong><strong>Eugenio Patan\u00e8 <\/strong><\/strong>\u2013 Assessore alla Mobilit\u00e0 del Comune di Roma<\/li><li><strong>Vito Mauro <\/strong>\u2013 Struttura Tecnica di Missione del Ministero delle Infrastrutture e dei Trasporti<\/li><li><strong>Francesco Baldoni <\/strong>\u2013 Direttore Generale per la digitalizzazione, i sistemi informativi e statistici del Ministero delle Infrastrutture e dei Trasporti<\/li><li><strong>Francesco Benevolo <\/strong>\u2013 Direttore Operativo RAM<\/li><li><strong>Mauro Giancaspro<\/strong> &#8211; Direttore Technology Innovation &amp; Digital Spoke Anas<\/li><li><strong>Luigi Giacalone \u2013 <\/strong>Presidente SWARCO Italia<\/li><li><strong>Franco Fenoglio<\/strong> &#8211; Femar Consulting<\/li><li><strong><strong>Rossella Panero<\/strong><\/strong> &#8211; Presidente TTS Italia<\/li><\/ul>\n\n\n\n<p><strong><em>Modera: <\/em><\/strong><em>Morena Pivetti\u2013 Giornalista di settore<\/em><\/p>\n\n\n\n<p><strong>Ore 18.00 \u2013 Conclusioni a cura della Presidente di TTS Italia<\/strong><\/p>\n\n\n\n<p><strong>Ore 19.30 &#8211; Aperitivo riservato ad Ambassador, Sponsor e Istituzioni &#8211; Presso <\/strong><a href=\"https:\/\/www.ristoranteroofgardenforum.it\/it\/\"><strong>Roof Garden Hotel Forum<\/strong><\/a><strong> (Via Tor de&#8217; Conti, 25, Roma)<\/strong><\/p>\n\n\n\n<p><strong>Ore 20.30 \u2013 Cena riservata ad Ambassador, Sponsor e Istituzioni &#8211; Presso <\/strong><a href=\"https:\/\/www.ristoranteroofgardenforum.it\/it\/\"><strong>Roof Garden Hotel Forum<\/strong><\/a><strong> (Via Tor de&#8217; Conti, 25, Roma)<\/strong><\/p>\n\n\n\n<p><em>Con il supporto di<\/em><\/p>\n\n\n\n<figure class=\"wp-block-image size-large\"><img loading=\"lazy\" width=\"400\" height=\"308\" src=\"https:\/\/www.ttsitalia.it\/wp-content\/uploads\/2024\/04\/loghi-400x308.png\" alt=\"\" class=\"wp-image-79594\" srcset=\"https:\/\/www.ttsitalia.it\/wp-content\/uploads\/2024\/04\/loghi-400x308.png 400w, https:\/\/www.ttsitalia.it\/wp-content\/uploads\/2024\/04\/loghi-300x231.png 300w, https:\/\/www.ttsitalia.it\/wp-content\/uploads\/2024\/04\/loghi-768x591.png 768w, https:\/\/www.ttsitalia.it\/wp-content\/uploads\/2024\/04\/loghi-1536x1183.png 1536w, https:\/\/www.ttsitalia.it\/wp-content\/uploads\/2024\/04\/loghi-1568x1207.png 1568w, https:\/\/www.ttsitalia.it\/wp-content\/uploads\/2024\/04\/loghi.png 1852w\" sizes=\"(max-width: 400px) 100vw, 400px\" \/><\/figure>\n","protected":false},"excerpt":{"rendered":"<p>Convegno 15 Maggio 2024 Palazzo Rospigliosi Via Ventiquattro Maggio, 43 Roma Con il Patrocinio di Ore 9:30 \u2013 Accredito e welcome coffee Ore 10:30 \u2013 Saluti istituzionali Rossella Panero \u2013 Presidente, TTS Italia Davide Bordoni \u2013 Consigliere del Vicepresidente del Consiglio Sen. Matteo Salvini Ore 10.45 \u2013 I 25 anni di TTS Italia Rossella Panero&hellip; <a class=\"more-link\" href=\"https:\/\/www.ttsitalia.it\/en\/soluzioni-tecnologiche-per-la-sicurezza-dei-servizi-di-mobilita\/\">Continue reading <span class=\"screen-reader-text\">Soluzioni tecnologiche per la sicurezza dei servizi di mobilit\u00e0<\/span><\/a><\/p>\n","protected":false},"author":4,"featured_media":0,"parent":0,"menu_order":0,"comment_status":"closed","ping_status":"closed","template":"","meta":{"_uag_custom_page_level_css":""},"uagb_featured_image_src":{"full":false,"thumbnail":false,"medium":false,"medium_large":false,"large":false,"1536x1536":false,"2048x2048":false,"post-thumbnail":false},"uagb_author_info":{"display_name":"laura","author_link":"https:\/\/www.ttsitalia.it\/en\/author\/laura\/"},"uagb_comment_info":0,"uagb_excerpt":"Convegno 15 Maggio 2024 Palazzo Rospigliosi Via Ventiquattro Maggio, 43 Roma Con il Patrocinio di Ore 9:30 \u2013 Accredito e welcome coffee Ore 10:30 \u2013 Saluti istituzionali Rossella Panero \u2013 Presidente, TTS Italia Davide Bordoni \u2013 Consigliere del Vicepresidente del Consiglio Sen. Matteo Salvini Ore 10.45 \u2013 I 25 anni di TTS Italia Rossella Panero&hellip;&hellip;","_links":{"self":[{"href":"https:\/\/www.ttsitalia.it\/en\/wp-json\/wp\/v2\/pages\/78959"}],"collection":[{"href":"https:\/\/www.ttsitalia.it\/en\/wp-json\/wp\/v2\/pages"}],"about":[{"href":"https:\/\/www.ttsitalia.it\/en\/wp-json\/wp\/v2\/types\/page"}],"author":[{"embeddable":true,"href":"https:\/\/www.ttsitalia.it\/en\/wp-json\/wp\/v2\/users\/4"}],"replies":[{"embeddable":true,"href":"https:\/\/www.ttsitalia.it\/en\/wp-json\/wp\/v2\/comments?post=78959"}],"version-history":[{"count":59,"href":"https:\/\/www.ttsitalia.it\/en\/wp-json\/wp\/v2\/pages\/78959\/revisions"}],"predecessor-version":[{"id":80000,"href":"https:\/\/www.ttsitalia.it\/en\/wp-json\/wp\/v2\/pages\/78959\/revisions\/80000"}],"wp:attachment":[{"href":"https:\/\/www.ttsitalia.it\/en\/wp-json\/wp\/v2\/media?parent=78959"}],"curies":[{"name":"wp","href":"https:\/\/api.w.org\/{rel}","templated":true}]}}