{"id":83692,"date":"2025-03-26T12:04:56","date_gmt":"2025-03-26T11:04:56","guid":{"rendered":"https:\/\/www.ttsitalia.it\/?page_id=83692"},"modified":"2025-07-16T13:55:17","modified_gmt":"2025-07-16T11:55:17","slug":"fattori-chiave-per-la-realizzazione-di-servizi-maas","status":"publish","type":"page","link":"https:\/\/www.ttsitalia.it\/en\/fattori-chiave-per-la-realizzazione-di-servizi-maas\/","title":{"rendered":"Fattori chiave per la realizzazione di servizi MaaS"},"content":{"rendered":"\n<div class=\"wp-block-image\"><figure class=\"aligncenter size-full\"><img loading=\"lazy\" width=\"350\" height=\"293\" src=\"https:\/\/www.ttsitalia.it\/wp-content\/uploads\/2025\/01\/focus-gennaio.jpg\" alt=\"\" class=\"wp-image-82893\" srcset=\"https:\/\/www.ttsitalia.it\/wp-content\/uploads\/2025\/01\/focus-gennaio.jpg 350w, https:\/\/www.ttsitalia.it\/wp-content\/uploads\/2025\/01\/focus-gennaio-300x251.jpg 300w\" sizes=\"(max-width: 350px) 100vw, 350px\" \/><\/figure><\/div>\n\n\n\n<p class=\"has-text-align-center\"><strong>13 Maggio 2025<\/strong><\/p>\n\n\n\n<p class=\"has-text-align-center\"><a href=\"https:\/\/www.roma-eventi.com\/ita\/piazza-di-spagna\/index.html\">Roma Eventi Piazza di Spagna<\/a><\/p>\n\n\n\n<p class=\"has-text-align-center\">Via Alibert, 5A<\/p>\n\n\n\n<p class=\"has-text-align-center\"><strong>Roma<\/strong><\/p>\n\n\n\n<p><strong>Ore 9:30 \u2013 <em>Accredito e welcome coffee<\/em><\/strong><\/p>\n\n\n\n<p><strong>Ore 10:30 \u2013 <\/strong><em>Saluti <\/em>i<em>stituzionali<\/em><\/p>\n\n\n\n<ul><li><strong>Rossella Panero \u2013 <\/strong>Presidente, TTS Italia<\/li><li><strong>Davide Bordoni <\/strong>&#8211; Consigliere del Vicepresidente del Consiglio e Ministro delle Infrastrutture e dei Trasporti Matteo Salvini<\/li><\/ul>\n\n\n\n<p><strong>Ore 10:45 \u2013 Presentazione documento MaaS<\/strong><\/p>\n\n\n\n<ul><li><strong><a href=\"https:\/\/www.ttsitalia.it\/wp-content\/uploads\/2025\/05\/Matteo-Antoniola_5T.pdf\">Matteo Antoniola<\/a> \u2013 <\/strong>Coordinatore del Gruppo di Lavoro di TTS Italia sul MaaS e 5T<\/li><\/ul>\n\n\n\n<p><strong>Ore 11:15 \u2013 Sessione 1: L\u2019esperienza MaaS nelle Citt\u00e0<\/strong><\/p>\n\n\n\n<ul><li><strong><a href=\"https:\/\/www.ttsitalia.it\/wp-content\/uploads\/2025\/05\/Enrico-Buzzo_AMT-Genova.pdf\">Enrico Buzzo<\/a><\/strong> \u2013 Responsabile della funzione innovazione tecnologie TPL AMT Genova &#8211; <em>Il MaaS a Genova, l\u2019esperienza di GoGoGe<\/em><\/li><li><strong><a href=\"https:\/\/www.ttsitalia.it\/wp-content\/uploads\/2025\/05\/Andrea-Mastinu_Almaviva.pdf\">Andrea Mastinu<\/a><\/strong> &#8211; Sales and Business Development Manager Almaviva &#8211; <em>MaaS oggi e domani: prospettiva per una mobilit\u00e0 multimodale, integrata e sostenibile nelle citt\u00e0<\/em><\/li><li><strong><a href=\"https:\/\/www.ttsitalia.it\/wp-content\/uploads\/2025\/05\/Matteo-Fantechi_Silvia-Ancilotti_Comune-di-Firenze.pdf\">Matteo Fantechi e Silvia Ancilotti <\/a><\/strong>&#8211; Referenti del Progetto MaaS4Italy_Firenze della Direzione Infrastrutture di Viabilit\u00e0 e Mobilit\u00e0 Comune di Firenze &#8211; <em>Incentivi e MaaS Operator pubblico: una sinergia efficace<\/em><\/li><li><strong><a href=\"https:\/\/www.ttsitalia.it\/wp-content\/uploads\/2025\/05\/Fulvio-DAloia-Cascone-IBM.pdf\">Fulvio D&#8217;Aloia Cascone<\/a><\/strong> &#8211; Travel &amp; Transportation Executive Partner &#8211; IBM Consulting &#8211; <em>GenAI e MaaS: verso una mobilit\u00e0 veramente intelligente e personalizzata<\/em><\/li><li><strong><a href=\"https:\/\/www.ttsitalia.it\/wp-content\/uploads\/2025\/05\/Antonio-Falvo_Roma-Servizi-per-la-Mobilita%CC%80.pdf\">Antonio Falvo<\/a><\/strong> \u2013 Responsabile Area Trasformazione Digitale e Innovazione Roma Servizi per la Mobilit\u00e0 &#8211; <em>Fattori chiave per la realizzazione di servizi MaaS: esperienza di Roma Capitale<\/em><\/li><\/ul>\n\n\n\n<p><strong><em>Modera:<\/em><\/strong><em> Olga Landolfi \u2013 Segretario Generale TTS Italia<\/em><\/p>\n\n\n\n<p><strong>Ore 13:00 \u2013<em> Light lunch<\/em><\/strong><\/p>\n\n\n\n<p><strong>Ore 14:00 \u2013 Sessione 2: L\u2019esperienza MaaS nelle Regioni<\/strong><\/p>\n\n\n\n<ul><li><strong><a href=\"https:\/\/www.ttsitalia.it\/wp-content\/uploads\/2025\/05\/Eleonora-Malengo_Regione-Veneto.pdf\">Eleonora Malengo<\/a><\/strong> \u2013  Direttore della U.O. Mobilit\u00e0 e Trasporti della Direzione Infrastrutture e Trasporti Regione del Veneto &#8211; <em>MaaS4Veneto:\u00a0stato dell&#8217;arte e prospettive per il futuro<\/em><\/li><li><strong><a href=\"https:\/\/www.ttsitalia.it\/wp-content\/uploads\/2025\/05\/Giovanni-Dimopoli_PluserviceMycicero.pdf\">Giovanni Dimopoli<\/a><\/strong>&#8211; Responsabile Strategie e Sviluppo Business PluService Srl \/ MyCicero Srl &#8211; <em>La sostenibilit\u00e0 del MaaS tra quantit\u00e0 e qualit\u00e0<\/em><\/li><li><strong><a href=\"https:\/\/www.ttsitalia.it\/wp-content\/uploads\/2025\/05\/Paolo-Ferrecchi_Regione-EmiliaRomagna.pdf\">Paolo Ferrecchi<\/a><\/strong>&#8211; Direttore Generale Direzione Cura del Territorio ed Ambiente Regione Emilia &#8211; Romagna &#8211; <em>Le politiche della Regione Emilia-Romagna per l\u2019infomobilit\u00e0 e il MaaS<\/em><\/li><li><strong><a href=\"https:\/\/www.ttsitalia.it\/wp-content\/uploads\/2025\/07\/Presentazione-OpenMove-Mobility-Intelligence.pdf\">Alessandro Sosi<\/a> <\/strong>&#8211; COO OpenMove &#8211; <em>Mobility Intelligence<\/em><\/li><li><strong><a href=\"https:\/\/www.ttsitalia.it\/wp-content\/uploads\/2025\/05\/Massimo-Bisogno_Regione-Campania.pdf\">Massimo Bisogno <\/a><\/strong>&#8211; Ufficio Speciale per la crescita e la transizione digitale Regione Campania &#8211;  <em>MaaS4Campania: lo stato dell\u2019arte<\/em><\/li><\/ul>\n\n\n\n<p><strong><em>Modera: <\/em><\/strong><em>Olga Landolfi \u2013 Segretario Generale TTS Italia<\/em><\/p>\n\n\n\n<p><strong>Ore 15.30 \u2013 <a href=\"https:\/\/www.ttsitalia.it\/wp-content\/uploads\/2025\/05\/Joost-Vantomme_ERTICO.pdf\">Joost Vantomme<\/a>  &#8211; <\/strong>Vice President of MaaS Alliance &amp; CEO of ERTICO<\/p>\n\n\n\n<p><strong>Ore 15.45 \u2013 <em>Tea break<\/em><\/strong><\/p>\n\n\n\n<p><strong>Ore 16.00 \u2013 Sessione interattiva: Istituzioni, enti locali, industria e pubblico a confronto verso i prossimi passi del MaaS<\/strong><\/p>\n\n\n\n<ul><li><strong>Andrea Casu<\/strong> &#8211; Commissione Trasporti, Poste e Telecomunicazioni della Camera <\/li><li><strong>Sara Matassoni<\/strong> &#8211; Policy Officer del Dipartimento per la trasformazione digitale della Presidenza del Consiglio dei ministri<\/li><li><strong>Vito Mauro<\/strong> \u2013 Struttura Tecnica di Missione del Ministero delle Infrastrutture e dei Trasporti <\/li><li><strong>Piermattia Fioravanti<\/strong> \u2013 Business Development ACI Infomobility <\/li><li><strong>Andrea Napoleoni<\/strong> \u2013 Funzionario Direzione generale per la sicurezza stradale e l\u2019autotrasporto &#8211; Divisione 4 &#8211; CCISS &#8211; Ministero delle Infrastrutture e dei Trasporti<\/li><li><strong>Filippo Nogarin<\/strong> \u2013 Responsabile Sviluppo MaaS Trenitalia <\/li><li><strong>Pasquale D\u2019Uva<\/strong> \u2013 Responsabile Pianificazione trasporti e infrastrutture e programmazione del trasporto pubblico Regione Piemonte <\/li><li><strong>Gaetano Ratto <\/strong>\u2013 Presidente e Direttore Consorzio UnicoCampania<\/li><\/ul>\n\n\n\n<p><strong>Ore 17.00 \u2013 Conclusioni a cura della Presidente di TTS Italia<\/strong><\/p>\n\n\n\n<figure class=\"wp-block-image size-full\"><img loading=\"lazy\" width=\"400\" height=\"400\" src=\"https:\/\/www.ttsitalia.it\/wp-content\/uploads\/2025\/04\/Loghi-sponsor-aggiornati.jpg\" alt=\"\" class=\"wp-image-84039\" srcset=\"https:\/\/www.ttsitalia.it\/wp-content\/uploads\/2025\/04\/Loghi-sponsor-aggiornati.jpg 400w, https:\/\/www.ttsitalia.it\/wp-content\/uploads\/2025\/04\/Loghi-sponsor-aggiornati-300x300.jpg 300w, https:\/\/www.ttsitalia.it\/wp-content\/uploads\/2025\/04\/Loghi-sponsor-aggiornati-110x110.jpg 110w\" sizes=\"(max-width: 400px) 100vw, 400px\" \/><\/figure>\n","protected":false},"excerpt":{"rendered":"<p>13 Maggio 2025 Roma Eventi Piazza di Spagna Via Alibert, 5A Roma Ore 9:30 \u2013 Accredito e welcome coffee Ore 10:30 \u2013 Saluti istituzionali Rossella Panero \u2013 Presidente, TTS Italia Davide Bordoni &#8211; Consigliere del Vicepresidente del Consiglio e Ministro delle Infrastrutture e dei Trasporti Matteo Salvini Ore 10:45 \u2013 Presentazione documento MaaS Matteo Antoniola&hellip; <a class=\"more-link\" href=\"https:\/\/www.ttsitalia.it\/en\/fattori-chiave-per-la-realizzazione-di-servizi-maas\/\">Continue reading <span class=\"screen-reader-text\">Fattori chiave per la realizzazione di servizi MaaS<\/span><\/a><\/p>\n","protected":false},"author":4,"featured_media":0,"parent":0,"menu_order":0,"comment_status":"closed","ping_status":"closed","template":"","meta":{"_uag_custom_page_level_css":""},"uagb_featured_image_src":{"full":false,"thumbnail":false,"medium":false,"medium_large":false,"large":false,"1536x1536":false,"2048x2048":false,"post-thumbnail":false},"uagb_author_info":{"display_name":"laura","author_link":"https:\/\/www.ttsitalia.it\/en\/author\/laura\/"},"uagb_comment_info":0,"uagb_excerpt":"13 Maggio 2025 Roma Eventi Piazza di Spagna Via Alibert, 5A Roma Ore 9:30 \u2013 Accredito e welcome coffee Ore 10:30 \u2013 Saluti istituzionali Rossella Panero \u2013 Presidente, TTS Italia Davide Bordoni &#8211; Consigliere del Vicepresidente del Consiglio e Ministro delle Infrastrutture e dei Trasporti Matteo Salvini Ore 10:45 \u2013 Presentazione documento MaaS Matteo Antoniola&hellip;&hellip;","_links":{"self":[{"href":"https:\/\/www.ttsitalia.it\/en\/wp-json\/wp\/v2\/pages\/83692"}],"collection":[{"href":"https:\/\/www.ttsitalia.it\/en\/wp-json\/wp\/v2\/pages"}],"about":[{"href":"https:\/\/www.ttsitalia.it\/en\/wp-json\/wp\/v2\/types\/page"}],"author":[{"embeddable":true,"href":"https:\/\/www.ttsitalia.it\/en\/wp-json\/wp\/v2\/users\/4"}],"replies":[{"embeddable":true,"href":"https:\/\/www.ttsitalia.it\/en\/wp-json\/wp\/v2\/comments?post=83692"}],"version-history":[{"count":81,"href":"https:\/\/www.ttsitalia.it\/en\/wp-json\/wp\/v2\/pages\/83692\/revisions"}],"predecessor-version":[{"id":85413,"href":"https:\/\/www.ttsitalia.it\/en\/wp-json\/wp\/v2\/pages\/83692\/revisions\/85413"}],"wp:attachment":[{"href":"https:\/\/www.ttsitalia.it\/en\/wp-json\/wp\/v2\/media?parent=83692"}],"curies":[{"name":"wp","href":"https:\/\/api.w.org\/{rel}","templated":true}]}}